{"id":37467,"date":"2018-07-13T11:56:36","date_gmt":"2018-07-13T11:56:36","guid":{"rendered":"http:\/\/gesiwino.pl\/en\/?page_id=37467"},"modified":"2018-07-27T11:40:20","modified_gmt":"2018-07-27T11:40:20","slug":"voucher","status":"publish","type":"page","link":"http:\/\/gesiwino.pl\/en\/voucher\/","title":{"rendered":"Voucher"},"content":{"rendered":"<p>[et_pb_section bb_built=&#8221;1&#8243; admin_label=&#8221;section&#8221; next_background_color=&#8221;rgba(0,0,0,0.75)&#8221;][et_pb_row admin_label=&#8221;row&#8221; background_position=&#8221;top_left&#8221; background_repeat=&#8221;repeat&#8221; background_size=&#8221;initial&#8221;][et_pb_column type=&#8221;1_3&#8243;][et_pb_text _builder_version=&#8221;3.0.106&#8243; background_layout=&#8221;light&#8221;]<\/p>\n<p>Formularz voucherowy<\/p>\n<p>[\/et_pb_text][et_pb_text _builder_version=&#8221;3.0.106&#8243; background_layout=&#8221;light&#8221;] <div role=\"form\" class=\"wpcf7\" id=\"wpcf7-f37487-o1\" lang=\"pl-PL\" dir=\"ltr\">\n<div class=\"screen-reader-response\"><p role=\"status\" aria-live=\"polite\" aria-atomic=\"true\"><\/p> <ul><\/ul><\/div>\n<form action=\"\/en\/wp-json\/wp\/v2\/pages\/37467#wpcf7-f37487-o1\" method=\"post\" class=\"wpcf7-form init\" novalidate=\"novalidate\" data-status=\"init\">\n<div style=\"display: none;\">\n<input type=\"hidden\" name=\"_wpcf7\" value=\"37487\" \/>\n<input type=\"hidden\" name=\"_wpcf7_version\" value=\"5.3.2\" \/>\n<input type=\"hidden\" name=\"_wpcf7_locale\" value=\"pl_PL\" \/>\n<input type=\"hidden\" name=\"_wpcf7_unit_tag\" value=\"wpcf7-f37487-o1\" \/>\n<input type=\"hidden\" name=\"_wpcf7_container_post\" value=\"0\" \/>\n<input type=\"hidden\" name=\"_wpcf7_posted_data_hash\" value=\"\" \/>\n<input type=\"hidden\" name=\"_wpcf7_recaptcha_response\" value=\"\" \/>\n<\/div>\n<p><label> Name (required)<br \/>\n<span class=\"wpcf7-form-control-wrap your-name\"><input type=\"text\" name=\"your-name\" value=\"\" size=\"40\" class=\"wpcf7-form-control wpcf7-text wpcf7-validates-as-required\" aria-required=\"true\" aria-invalid=\"false\" \/><\/span> <\/label><\/p>\n<p><label> Number of people<br \/>\n<span class=\"wpcf7-form-control-wrap text-136\"><input type=\"text\" name=\"text-136\" value=\"\" size=\"40\" class=\"wpcf7-form-control wpcf7-text\" aria-invalid=\"false\" \/><\/span><\/label><\/p>\n<p><label> Phone number<br \/>\n<span class=\"wpcf7-form-control-wrap text-523\"><input type=\"text\" name=\"text-523\" value=\"\" size=\"40\" class=\"wpcf7-form-control wpcf7-text\" aria-invalid=\"false\" \/><\/span> <\/label><\/p>\n<p><label> Email (required)<br \/>\n<span class=\"wpcf7-form-control-wrap email-591\"><input type=\"email\" name=\"email-591\" value=\"\" size=\"40\" class=\"wpcf7-form-control wpcf7-text wpcf7-email wpcf7-validates-as-required wpcf7-validates-as-email\" aria-required=\"true\" aria-invalid=\"false\" \/><\/span> <\/label><\/p>\n<p><label>Is this a special occasion?<br \/>\n<span class=\"wpcf7-form-control-wrap text-877\"><input type=\"text\" name=\"text-877\" value=\"\" size=\"40\" class=\"wpcf7-form-control wpcf7-text\" aria-invalid=\"false\" \/><\/span> <\/label><\/p>\n<p><label> Culinary preferences<br \/>\n<span class=\"wpcf7-form-control-wrap textarea-654\"><textarea name=\"textarea-654\" cols=\"40\" rows=\"10\" class=\"wpcf7-form-control wpcf7-textarea\" aria-invalid=\"false\"><\/textarea><\/span> <\/label><\/p>\n<p><label> Voucher for a tasting dinner<br \/>\n<span class=\"wpcf7-form-control-wrap acceptance-407\"><span class=\"wpcf7-form-control wpcf7-acceptance optional\"><span class=\"wpcf7-list-item\"><input type=\"checkbox\" name=\"acceptance-407\" value=\"1\" aria-invalid=\"false\" \/><\/span><\/span><\/span> <\/label><\/p>\n<p><label> Cash voucher<br \/>\n<span class=\"wpcf7-form-control-wrap acceptance-408\"><span class=\"wpcf7-form-control wpcf7-acceptance optional\"><span class=\"wpcf7-list-item\"><input type=\"checkbox\" name=\"acceptance-408\" value=\"1\" aria-invalid=\"false\" \/><\/span><\/span><\/span> <\/label><\/p>\n<p><label> Money declaration<br \/>\n<span class=\"wpcf7-form-control-wrap text-413\"><input type=\"text\" name=\"text-413\" value=\"\" size=\"40\" class=\"wpcf7-form-control wpcf7-text\" aria-invalid=\"false\" \/><\/span> <\/label><\/p>\n<p><label> Wyra\u017cam zgod\u0119 na przetwarzanie moich danych osobowych dla cel\u00f3w kontaktowych, zgodnie z ustaw\u0105 z dnia 29 sierpnia 1997 r. o ochronie danych osobowych (tj. Dz. U. Nr 101 z 2002 r., poz. 926 z p\u00f3\u017an. zm.).<br \/>\n<span class=\"wpcf7-form-control-wrap acceptance-863\"><span class=\"wpcf7-form-control wpcf7-acceptance\"><span class=\"wpcf7-list-item\"><input type=\"checkbox\" name=\"acceptance-863\" value=\"1\" aria-invalid=\"false\" \/><\/span><\/span><\/span> <\/label><\/p>\n<p><label> Wyra\u017cam zgod\u0119 na przetwarzanie moich danych osobowych dla cel\u00f3w marketingowych, zgodnie z ustaw\u0105 z dnia 29 sierpnia 1997 r. o ochronie danych osobowych (tj. Dz. U. Nr 101 z 2002 r., poz. 926 z p\u00f3\u017an. zm.).<br \/>\n<span class=\"wpcf7-form-control-wrap acceptance-369\"><span class=\"wpcf7-form-control wpcf7-acceptance optional\"><span class=\"wpcf7-list-item\"><input type=\"checkbox\" name=\"acceptance-369\" value=\"1\" aria-invalid=\"false\" \/><\/span><\/span><\/span><\/label><\/p>\n<p><div class=\"anr_captcha_field\"><div id=\"anr_captcha_field_1\" class=\"anr_captcha_field_div\"><input type=\"hidden\" name=\"g-recaptcha-response\" value=\"\" \/><\/div><\/div><span class=\"wpcf7-form-control-wrap g-recaptcha-response\"><\/span><\/p>\n<p><input type=\"submit\" value=\"Wy\u015blij\" class=\"wpcf7-form-control wpcf7-submit\" \/><\/p>\n<div class=\"wpcf7-response-output\" aria-hidden=\"true\"><\/div><\/form><\/div> [\/et_pb_text][\/et_pb_column][et_pb_column type=&#8221;2_3&#8243;][et_pb_image _builder_version=&#8221;3.0.106&#8243; src=&#8221;http:\/\/gesiwino.pl\/en\/wp-content\/uploads\/2018\/07\/voucher-ges-i-wino.jpg&#8221; show_in_lightbox=&#8221;off&#8221; url_new_window=&#8221;off&#8221; use_overlay=&#8221;off&#8221; always_center_on_mobile=&#8221;on&#8221; force_fullwidth=&#8221;off&#8221; show_bottom_space=&#8221;on&#8221; \/][\/et_pb_column][\/et_pb_row][\/et_pb_section][et_pb_section bb_built=&#8221;1&#8243; admin_label=&#8221;Contact Us&#8221; background_color=&#8221;rgba(0,0,0,0.75)&#8221; disabled_on=&#8221;off|off|off&#8221; _builder_version=&#8221;3.0.106&#8243; background_image=&#8221;http:\/\/gesiwino.pl\/en\/wp-content\/uploads\/2018\/04\/ma\u0142a-sala-1-3-min.jpg&#8221; custom_padding=&#8221;100px|0px|13px|0px&#8221; collapsed=&#8221;off&#8221; prev_background_color=&#8221;#ffffff&#8221; global_module=&#8221;37471&#8243;][et_pb_row global_parent=&#8221;37471&#8243; use_custom_width=&#8221;on&#8221; custom_width_px=&#8221;1280px&#8221; custom_padding=&#8221;27px|0px|0px|0px&#8221; custom_margin=&#8221;|||&#8221; make_equal=&#8221;on&#8221; background_color_1=&#8221;#1f1f1f&#8221; background_color_2=&#8221;#1f1f1f&#8221; padding_top_1=&#8221;100px&#8221; padding_right_1=&#8221;5%&#8221; padding_bottom_1=&#8221;100px&#8221; padding_left_1=&#8221;5%&#8221; padding_top_2=&#8221;100px&#8221; padding_right_2=&#8221;5%&#8221; padding_bottom_2=&#8221;100px&#8221; padding_left_2=&#8221;5%&#8221; _builder_version=&#8221;3.0.77&#8243; background_size=&#8221;initial&#8221; background_position=&#8221;top_left&#8221; background_repeat=&#8221;repeat&#8221;][et_pb_column type=&#8221;1_2&#8243;][et_pb_text global_parent=&#8221;37471&#8243; _builder_version=&#8221;3.0.106&#8243; text_font=&#8221;Playfair Display||||&#8221; text_font_size=&#8221;30px&#8221; text_text_color=&#8221;#ffffff&#8221; text_line_height=&#8221;1.3em&#8221; background_size=&#8221;initial&#8221; background_position=&#8221;top_left&#8221; background_repeat=&#8221;repeat&#8221; text_orientation=&#8221;center&#8221; max_width=&#8221;400px&#8221; module_alignment=&#8221;center&#8221; custom_padding=&#8221;||30px|&#8221;]<\/p>\n<p>Godziny otwarcia<\/p>\n<p>[\/et_pb_text][et_pb_text global_parent=&#8221;37471&#8243; _builder_version=&#8221;3.0.106&#8243; text_font=&#8221;Montserrat||||&#8221; text_font_size=&#8221;15px&#8221; text_text_color=&#8221;#ffffff&#8221; text_letter_spacing=&#8221;1px&#8221; text_line_height=&#8221;1.9em&#8221; background_size=&#8221;initial&#8221; background_position=&#8221;top_left&#8221; background_repeat=&#8221;repeat&#8221; text_orientation=&#8221;center&#8221; module_alignment=&#8221;center&#8221; custom_margin=&#8221;12px||12px|&#8221;]<\/p>\n<p><strong>Poniedzia\u0142ek \u2013 Pi\u0105tek<br \/>\n<\/strong><span style=\"font-size: 15px;\">12:00 \u2013 22:00<br \/>\n<\/span><\/p>\n<p>[\/et_pb_text][et_pb_divider global_parent=&#8221;37471&#8243; color=&#8221;#c39d63&#8243; show_divider=&#8221;on&#8221; divider_weight=&#8221;2px&#8221; height=&#8221;2px&#8221; disabled_on=&#8221;on|on|off&#8221; _builder_version=&#8221;3.0.106&#8243; max_width=&#8221;400px&#8221; module_alignment=&#8221;center&#8221; custom_margin=&#8221;||0px|&#8221; custom_padding=&#8221;|||&#8221;]<\/p>\n<p>&nbsp;<\/p>\n<p>[\/et_pb_divider][et_pb_text global_parent=&#8221;37471&#8243; _builder_version=&#8221;3.0.106&#8243; text_font=&#8221;Montserrat||||&#8221; text_font_size=&#8221;15px&#8221; text_text_color=&#8221;#ffffff&#8221; text_letter_spacing=&#8221;1px&#8221; text_line_height=&#8221;1.9em&#8221; background_size=&#8221;initial&#8221; background_position=&#8221;top_left&#8221; background_repeat=&#8221;repeat&#8221; text_orientation=&#8221;center&#8221; module_alignment=&#8221;center&#8221; custom_margin=&#8221;12px||12px|&#8221; locked=&#8221;off&#8221;]<\/p>\n<p><strong>Sobota<br \/>\n<\/strong><span style=\"font-size: 15px;\">12:00 \u2013 22:00<\/span><\/p>\n<p>[\/et_pb_text][et_pb_divider global_parent=&#8221;37471&#8243; color=&#8221;#c39d63&#8243; show_divider=&#8221;on&#8221; divider_weight=&#8221;2px&#8221; height=&#8221;2px&#8221; disabled_on=&#8221;on|on|off&#8221; _builder_version=&#8221;3.0.106&#8243; max_width=&#8221;400px&#8221; module_alignment=&#8221;center&#8221; custom_margin=&#8221;||0px|&#8221; custom_padding=&#8221;|||&#8221; locked=&#8221;off&#8221;]<\/p>\n<p>&nbsp;<\/p>\n<p>[\/et_pb_divider][et_pb_text global_parent=&#8221;37471&#8243; _builder_version=&#8221;3.0.106&#8243; text_font=&#8221;Montserrat||||&#8221; text_font_size=&#8221;15px&#8221; text_text_color=&#8221;#ffffff&#8221; text_letter_spacing=&#8221;1px&#8221; text_line_height=&#8221;1.9em&#8221; background_size=&#8221;initial&#8221; background_position=&#8221;top_left&#8221; background_repeat=&#8221;repeat&#8221; text_orientation=&#8221;center&#8221; module_alignment=&#8221;center&#8221; custom_margin=&#8221;12px||12px|&#8221; locked=&#8221;off&#8221;]<\/p>\n<p><span style=\"font-size: 15px;\"><b>Niedziela<br \/>\n<\/b><\/span><span style=\"font-size: 15px;\">12:00 &#8211; 22:00<\/span><\/p>\n<p>[\/et_pb_text][et_pb_text global_parent=&#8221;37471&#8243; background_layout=&#8221;dark&#8221; _builder_version=&#8221;3.0.106&#8243; text_font=&#8221;Montserrat||||&#8221; text_font_size=&#8221;17px&#8221; text_text_color=&#8221;rgba(255,255,255,0.8)&#8221; text_line_height=&#8221;1.8em&#8221; header_font_size=&#8221;24px&#8221; text_orientation=&#8221;center&#8221; inline_fonts=&#8221;Playfair Display&#8221;]<\/p>\n<h1><span style=\"font-family: 'Playfair Display';\">Zapisz si\u0119 do newslettera<\/span><\/h1>\n<p>[\/et_pb_text][et_pb_contact_form global_parent=&#8221;37471&#8243; email=&#8221;gesiwino@gmail.com&#8221; success_message=&#8221;Zapisa\u0142e\u015b si\u0119 do newslettera&#8221; submit_button_text=&#8221;Zapisz&#8221; form_background_color=&#8221;#000000&#8243; module_id=&#8221;et_pb_contact_form_0&#8243; _builder_version=&#8221;3.0.106&#8243; title_font=&#8221;||||||||&#8221; form_field_text_color=&#8221;#ffffff&#8221; custom_button=&#8221;on&#8221; button_text_size=&#8221;15px&#8221; button_text_color=&#8221;#ffffff&#8221; button_bg_color=&#8221;#c39d63&#8243; button_border_width=&#8221;0&#8243; button_border_radius=&#8221;0px&#8221; button_font=&#8221;||||||||&#8221;][et_pb_contact_field field_id=&#8221;Field_2&#8243; field_title=&#8221;Adres e-mailowy&#8221; fullwidth_field=&#8221;on&#8221; _builder_version=&#8221;3.0.106&#8243;][\/et_pb_contact_field][et_pb_contact_field field_id=&#8221;Field_2_2&#8243; field_title=&#8221;Zgoda&#8221; field_type=&#8221;checkbox&#8221; checkbox_options=&#8221;%91{%22value%22:%22 Wyra\u017cam zgod\u0119 na przetwarzanie moich danych osobowych dla cel\u00f3w kontaktowych, zgodnie z ustaw\u0105 z dnia 29 sierpnia 1997 r. o ochronie danych osobowych (tj. Dz. U. Nr 101 z 2002 r., poz. 926 z p\u00f3\u017an. zm.).%22,%22checked%22:0,%22dragID%22:0}%93&#8243; fullwidth_field=&#8221;on&#8221; _builder_version=&#8221;3.0.106&#8243;][\/et_pb_contact_field][\/et_pb_contact_form][et_pb_text global_parent=&#8221;37471&#8243; _builder_version=&#8221;3.0.106&#8243;]<\/p>\n<h6><span style=\"font-size: xx-small; color: rgba(255, 255, 255, 0.74);\">W\u0142a\u015bcicielem restauracji i jednocze\u015bnie Administratorem Danych Osobowych jest &#8211; Hotel Prezydent Sp. z o.o. prowadz\u0105cy dzia\u0142alno\u015b\u0107 gospodarcz\u0105 pod nazw\u0105 Hotel Prezydent z siedzib\u0105 w Spale, 97-215 Inow\u0142\u00f3dz.<\/span><\/h6>\n<h6><span style=\"font-size: xx-small; color: rgba(255, 255, 255, 0.74);\">Powo\u0142ali\u015bmy Inspektora Ochrony Danych, z kt\u00f3rym mog\u0105 si\u0119 Pa\u0144stwo skontaktowa\u0107 pisz\u0105c na adres\u00a0<a style=\"color: rgba(255, 255, 255, 0.74);\" href=\"mailto:iod@palac-brzezno.pl\">ado@prezydenthotel.pl<\/a><\/span><\/h6>\n<h6><span style=\"font-size: xx-small; color: rgba(255, 255, 255, 0.74);\">B\u0119dziemy przetwarza\u0107 Twoje dane w celu nawi\u0105zania z Tob\u0105 kontaktu i obs\u0142u\u017cenia Twojej pro\u015bby. Dane osobowe b\u0119dziemy przetwarza\u0107 przez okres niezb\u0119dny dla osi\u0105gni\u0119cia celu przetwarzania.<\/span><\/h6>\n<h6><span style=\"font-size: xx-small; color: rgba(255, 255, 255, 0.74);\">Na ka\u017cdym etapie przetwarzania Twoich danych osobowych masz prawo do \u017c\u0105dania dost\u0119pu do swoich danych osobowych, ich sprostowania, usuni\u0119cia lub ograniczenia przetwarzania, a tak\u017ce prawo do przenoszenia danych osobowych. Masz r\u00f3wnie\u017c prawo do wniesienia skargi do Urz\u0119du Ochrony Danych Osobowych. Podanie danych osobowych jest dobrowolne i jest jednocze\u015bnie warunkiem do podj\u0119cia dzia\u0142a\u0144 w celu skontaktowania si\u0119 z Tob\u0105.<\/span><\/h6>\n<h6><span style=\"font-size: xx-small; color: rgba(255, 255, 255, 0.74);\">Wi\u0119cej informacji na temat przetwarzania danych osobowych znajdziesz w Polityce Prywatno\u015bci dost\u0119pnej\u00a0<a style=\"color: rgba(255, 255, 255, 0.74);\" href=\"http:\/\/www.prezydenthotel.pl\/upload\/files\/POLITYKA_PRYWATNOSCI_Hotel_Prezydent_Spala.pdf\">tutaj.<\/a><\/span><\/h6>\n<p>[\/et_pb_text][\/et_pb_column][et_pb_column type=&#8221;1_2&#8243;][et_pb_text global_parent=&#8221;37471&#8243; background_layout=&#8221;dark&#8221; _builder_version=&#8221;3.0.106&#8243; text_font=&#8221;Montserrat||||&#8221; text_font_size=&#8221;17px&#8221; text_text_color=&#8221;rgba(255,255,255,0.8)&#8221; text_line_height=&#8221;1.8em&#8221; header_font_size=&#8221;24px&#8221; text_orientation=&#8221;center&#8221; inline_fonts=&#8221;Playfair Display&#8221;]<\/p>\n<h1><span style=\"font-family: 'Playfair Display';\">Kontakt<\/span><\/h1>\n<p>Nie wstyd\u017a si\u0119. Napisz je\u017celi masz jakie\u015b pytania<\/p>\n<h1><\/h1>\n<p>[\/et_pb_text][et_pb_text global_parent=&#8221;37471&#8243; _builder_version=&#8221;3.0.106&#8243; text_font=&#8221;Montserrat||||&#8221; text_font_size=&#8221;15px&#8221; text_text_color=&#8221;#ffffff&#8221; text_letter_spacing=&#8221;1px&#8221; text_line_height=&#8221;1.9em&#8221; background_size=&#8221;initial&#8221; background_position=&#8221;top_left&#8221; background_repeat=&#8221;repeat&#8221; text_orientation=&#8221;center&#8221; module_alignment=&#8221;center&#8221; custom_margin=&#8221;12px||12px|&#8221;]<\/p>\n<p><span style=\"font-size: 15px;\">Tel. 44 710 15 55<br \/>\nlub czynny ca\u0142\u0105 dob\u0119 tel. do recepcji Hotelu: 44 710 13 22 \/ kom.: 601 454 969\u00a0<\/span><\/p>\n<p><span style=\"font-size: 15px;\">e-mail: gesiwino@gmail.com<br \/>\n<\/span><\/p>\n<p>[\/et_pb_text][et_pb_divider global_parent=&#8221;37471&#8243; color=&#8221;#c39d63&#8243; show_divider=&#8221;on&#8221; divider_weight=&#8221;2px&#8221; height=&#8221;2px&#8221; disabled_on=&#8221;on|on|off&#8221; _builder_version=&#8221;3.0.106&#8243; max_width=&#8221;400px&#8221; module_alignment=&#8221;center&#8221; custom_margin=&#8221;||0px|&#8221; custom_padding=&#8221;|||&#8221; locked=&#8221;off&#8221;]<\/p>\n<p>&nbsp;<\/p>\n<p>[\/et_pb_divider][et_pb_text global_parent=&#8221;37471&#8243; _builder_version=&#8221;3.0.106&#8243; text_font=&#8221;Montserrat||||&#8221; text_font_size=&#8221;15px&#8221; text_text_color=&#8221;#ffffff&#8221; text_letter_spacing=&#8221;1px&#8221; text_line_height=&#8221;1.9em&#8221; background_size=&#8221;initial&#8221; background_position=&#8221;top_left&#8221; background_repeat=&#8221;repeat&#8221; text_orientation=&#8221;center&#8221; module_alignment=&#8221;center&#8221; custom_margin=&#8221;12px||12px|&#8221;]<\/p>\n<p><span style=\"font-size: 15px;\">Spa\u0142a, ul. Hubala 15,<br \/>\n97-215 Inow\u0142\u00f3dz<br \/>\n<\/span><\/p>\n<p>[\/et_pb_text][et_pb_divider global_parent=&#8221;37471&#8243; color=&#8221;#c39d63&#8243; show_divider=&#8221;on&#8221; divider_weight=&#8221;2px&#8221; height=&#8221;2px&#8221; disabled_on=&#8221;on|on|off&#8221; _builder_version=&#8221;3.0.106&#8243; max_width=&#8221;400px&#8221; module_alignment=&#8221;center&#8221; custom_margin=&#8221;||0px|&#8221; custom_padding=&#8221;|||&#8221; locked=&#8221;off&#8221;]<\/p>\n<p>&nbsp;<\/p>\n<p>[\/et_pb_divider][et_pb_text global_parent=&#8221;37471&#8243; _builder_version=&#8221;3.0.106&#8243; text_font=&#8221;Montserrat||||&#8221; text_font_size=&#8221;15px&#8221; text_text_color=&#8221;#ffffff&#8221; text_letter_spacing=&#8221;1px&#8221; text_line_height=&#8221;1.9em&#8221; background_size=&#8221;initial&#8221; background_position=&#8221;top_left&#8221; background_repeat=&#8221;repeat&#8221; text_orientation=&#8221;center&#8221; module_alignment=&#8221;center&#8221; custom_margin=&#8221;12px||12px|&#8221;]<\/p>\n<p><span style=\"font-size: 15px;\">Facebook: Restauracja G\u0119\u015b i Wino<br \/>\nInstagram: restauracjagesiwinowspale<br \/>\n<\/span><\/p>\n<p>[\/et_pb_text][et_pb_text global_parent=&#8221;37471&#8243; _builder_version=&#8221;3.0.106&#8243; text_font=&#8221;Montserrat||||&#8221; text_font_size=&#8221;15px&#8221; text_text_color=&#8221;#ffffff&#8221; text_letter_spacing=&#8221;1px&#8221; text_line_height=&#8221;1.9em&#8221; background_size=&#8221;initial&#8221; background_position=&#8221;top_left&#8221; background_repeat=&#8221;repeat&#8221; text_orientation=&#8221;center&#8221; module_alignment=&#8221;center&#8221; custom_margin=&#8221;12px||12px|&#8221; locked=&#8221;off&#8221;]<\/p>\n<p><a href=\"https:\/\/pl.tripadvisor.com\/Restaurant_Review-g2543816-d13356051-Reviews-Restauracja_Ges_i_Wino-Spala_Lodz_Province_Central_Poland.html?m=19905\"><img loading=\"lazy\" class=\"wp-image-37400 aligncenter size-full\" src=\"http:\/\/gesiwino.pl\/en\/wp-content\/uploads\/2018\/06\/tripadvisor.png\" alt=\"\" width=\"225\" height=\"225\" srcset=\"http:\/\/gesiwino.pl\/en\/wp-content\/uploads\/2018\/06\/tripadvisor.png 225w, http:\/\/gesiwino.pl\/en\/wp-content\/uploads\/2018\/06\/tripadvisor-150x150.png 150w\" sizes=\"(max-width: 225px) 100vw, 225px\" \/><\/a><\/p>\n<p>[\/et_pb_text][\/et_pb_column][\/et_pb_row][\/et_pb_section]<\/p>\n","protected":false},"excerpt":{"rendered":"<p>[et_pb_section bb_built=&#8221;1&#8243; admin_label=&#8221;section&#8221; next_background_color=&#8221;rgba(0,0,0,0.75)&#8221;][et_pb_row admin_label=&#8221;row&#8221; background_position=&#8221;top_left&#8221; background_repeat=&#8221;repeat&#8221; background_size=&#8221;initial&#8221;][et_pb_column type=&#8221;1_3&#8243;][et_pb_text _builder_version=&#8221;3.0.106&#8243; background_layout=&#8221;light&#8221;] Formularz voucherowy [\/et_pb_text][et_pb_text _builder_version=&#8221;3.0.106&#8243; background_layout=&#8221;light&#8221;] [\/et_pb_text][\/et_pb_column][et_pb_column type=&#8221;2_3&#8243;][et_pb_image _builder_version=&#8221;3.0.106&#8243; src=&#8221;http:\/\/gesiwino.pl\/en\/wp-content\/uploads\/2018\/07\/voucher-ges-i-wino.jpg&#8221; show_in_lightbox=&#8221;off&#8221; url_new_window=&#8221;off&#8221; use_overlay=&#8221;off&#8221; always_center_on_mobile=&#8221;on&#8221; force_fullwidth=&#8221;off&#8221; show_bottom_space=&#8221;on&#8221; \/][\/et_pb_column][\/et_pb_row][\/et_pb_section][et_pb_section bb_built=&#8221;1&#8243; admin_label=&#8221;Contact Us&#8221; background_color=&#8221;rgba(0,0,0,0.75)&#8221; disabled_on=&#8221;off|off|off&#8221; _builder_version=&#8221;3.0.106&#8243; background_image=&#8221;http:\/\/gesiwino.pl\/en\/wp-content\/uploads\/2018\/04\/ma\u0142a-sala-1-3-min.jpg&#8221; custom_padding=&#8221;100px|0px|13px|0px&#8221; collapsed=&#8221;off&#8221; prev_background_color=&#8221;#ffffff&#8221; global_module=&#8221;37471&#8243;][et_pb_row global_parent=&#8221;37471&#8243; use_custom_width=&#8221;on&#8221; custom_width_px=&#8221;1280px&#8221; custom_padding=&#8221;27px|0px|0px|0px&#8221; custom_margin=&#8221;|||&#8221; make_equal=&#8221;on&#8221; background_color_1=&#8221;#1f1f1f&#8221; background_color_2=&#8221;#1f1f1f&#8221; padding_top_1=&#8221;100px&#8221; padding_right_1=&#8221;5%&#8221; padding_bottom_1=&#8221;100px&#8221; padding_left_1=&#8221;5%&#8221; padding_top_2=&#8221;100px&#8221; padding_right_2=&#8221;5%&#8221; padding_bottom_2=&#8221;100px&#8221; padding_left_2=&#8221;5%&#8221; _builder_version=&#8221;3.0.77&#8243; [&hellip;]<\/p>\n","protected":false},"author":1,"featured_media":0,"parent":0,"menu_order":0,"comment_status":"closed","ping_status":"closed","template":"","meta":[],"_links":{"self":[{"href":"http:\/\/gesiwino.pl\/en\/wp-json\/wp\/v2\/pages\/37467"}],"collection":[{"href":"http:\/\/gesiwino.pl\/en\/wp-json\/wp\/v2\/pages"}],"about":[{"href":"http:\/\/gesiwino.pl\/en\/wp-json\/wp\/v2\/types\/page"}],"author":[{"embeddable":true,"href":"http:\/\/gesiwino.pl\/en\/wp-json\/wp\/v2\/users\/1"}],"replies":[{"embeddable":true,"href":"http:\/\/gesiwino.pl\/en\/wp-json\/wp\/v2\/comments?post=37467"}],"version-history":[{"count":11,"href":"http:\/\/gesiwino.pl\/en\/wp-json\/wp\/v2\/pages\/37467\/revisions"}],"predecessor-version":[{"id":37510,"href":"http:\/\/gesiwino.pl\/en\/wp-json\/wp\/v2\/pages\/37467\/revisions\/37510"}],"wp:attachment":[{"href":"http:\/\/gesiwino.pl\/en\/wp-json\/wp\/v2\/media?parent=37467"}],"curies":[{"name":"wp","href":"https:\/\/api.w.org\/{rel}","templated":true}]}}